{"id":9794,"date":"2022-12-19T15:35:35","date_gmt":"2022-12-19T15:35:35","guid":{"rendered":"https:\/\/werwellness.in\/timeavenue\/?post_type=product&#038;p=9794"},"modified":"2023-09-27T18:56:30","modified_gmt":"2023-09-27T18:56:30","slug":"franck-muller-v-35-sc-at-fo-l-nr","status":"publish","type":"product","link":"https:\/\/werwellness.in\/timeavenue\/shop\/franck-muller-watch\/the-vanguard-collection\/franck-muller-v-35-sc-at-fo-l-nr\/","title":{"rendered":"Franck Muller V 35 SC AT FO L (NR)\u2026"},"content":{"rendered":"<p>Distinguished by a sporty tonneau shape, the Vanguard\u2122 calls in for clean and futuristic aesthetics with<br \/>\na one-of-a kind design. With refined taste, inserts on both sides of the case tastefully match the color on<br \/>\nthe numerals and strap for utmost elegance and style. The strap is cleverly integrated inside the case in<br \/>\norder to maintain and extend the curved aspect of the timepiece, the result being a stunning timepiece<br \/>\nwith a unique design.<br \/>\nReference V 35 SC AT FO L (NR)<br \/>\nCase Vanguard case<br \/>\nStainless Steel<br \/>\nHand polished<br \/>\nWater resistant up to 30 meters<br \/>\nWidth: 35 mm x Length: 46.3 mm x Thickness: 11.5 mm<br \/>\nBlack inserts on both sides of the case<br \/>\nSapphire crystal<br \/>\nDial Stamped guilloch\u00e9 with sun pattern<br \/>\n20 layers of translucent lacquer<br \/>\nApplique numerals meticulously painted and applied by hand<br \/>\nFunctions Hours, Minutes, Seconds, Moon phases<br \/>\nInstructions Winding shaft with 2 positions: 1.Winding. 2.Time setting Corrector at 4 o&#8217;clock for<br \/>\nmoon phases setting<br \/>\nMovement MVD FM 2038-L6<br \/>\nSelf-winding movement with bidirectional rotor system<br \/>\nPower reserve of 40 hours<br \/>\n78 components<br \/>\n18 jewels<br \/>\nDiameter: \u00d8 20.60 mm. Thickness : 3.80 mm<br \/>\nBalance wheel frequency set at 28,800 alternations per hour<br \/>\nMovement<br \/>\nDecoration<br \/>\nC\u00f4tes de Gen\u00e8ve and Pav\u00e9 of Gen\u00e8ve on the bridges<br \/>\nChamfering of all the bridges<br \/>\n24k gold bath and rhodium plating of the components<br \/>\n24k gold finish on the written engravings<br \/>\nBrushing&#8221;&#8221;soleil&#8221;&#8221;on the rotor<br \/>\nBracelet Hand sewn alligator strap<br \/>\nBuckle Stainless steel buckle<br \/>\nHand polished<\/p>\n","protected":false},"excerpt":{"rendered":"<p>Distinguished by a sporty tonneau shape, the Vanguard\u2122 calls in for clean and futuristic aesthetics with a one-of-a kind design. With refined taste, inserts on both sides of the case tastefully match the color on the numerals and strap for utmost elegance and style. The strap is cleverly integrated inside the case in order to [&hellip;]<\/p>\n","protected":false},"featured_media":9799,"template":"","meta":[],"product_cat":[1071,1073],"product_tag":[],"acf":[],"_links":{"self":[{"href":"https:\/\/werwellness.in\/timeavenue\/wp-json\/wp\/v2\/product\/9794"}],"collection":[{"href":"https:\/\/werwellness.in\/timeavenue\/wp-json\/wp\/v2\/product"}],"about":[{"href":"https:\/\/werwellness.in\/timeavenue\/wp-json\/wp\/v2\/types\/product"}],"version-history":[{"count":2,"href":"https:\/\/werwellness.in\/timeavenue\/wp-json\/wp\/v2\/product\/9794\/revisions"}],"predecessor-version":[{"id":11946,"href":"https:\/\/werwellness.in\/timeavenue\/wp-json\/wp\/v2\/product\/9794\/revisions\/11946"}],"wp:featuredmedia":[{"embeddable":true,"href":"https:\/\/werwellness.in\/timeavenue\/wp-json\/wp\/v2\/media\/9799"}],"wp:attachment":[{"href":"https:\/\/werwellness.in\/timeavenue\/wp-json\/wp\/v2\/media?parent=9794"}],"wp:term":[{"taxonomy":"product_cat","embeddable":true,"href":"https:\/\/werwellness.in\/timeavenue\/wp-json\/wp\/v2\/product_cat?post=9794"},{"taxonomy":"product_tag","embeddable":true,"href":"https:\/\/werwellness.in\/timeavenue\/wp-json\/wp\/v2\/product_tag?post=9794"}],"curies":[{"name":"wp","href":"https:\/\/api.w.org\/{rel}","templated":true}]}}