{"id":9716,"date":"2022-12-19T13:18:04","date_gmt":"2022-12-19T13:18:04","guid":{"rendered":"https:\/\/werwellness.in\/timeavenue\/?post_type=product&#038;p=9716"},"modified":"2023-07-19T20:53:36","modified_gmt":"2023-07-19T20:53:36","slug":"franck-muller-3000-m-sc-at-fo-l-r","status":"publish","type":"product","link":"https:\/\/werwellness.in\/timeavenue\/shop\/franck-muller-watch\/galet-collection\/franck-muller-3000-m-sc-at-fo-l-r\/","title":{"rendered":"Franck Muller 3000 M SC AT FO L R\u2026"},"content":{"rendered":"<p>The Galet pays homage to simplicity, suggesting calm and well-being. With its gentle angles, it evokes<br \/>\nnature as a smooth precious stone rounded by the action of water. With its black hand sewn alligator<br \/>\nstrap, the Galet showcases the elegance of the timepiece by elegantly matching the color of the<br \/>\nnumerals on the dial.<br \/>\nReference 3000 M SC AT FO L R<br \/>\nCase Galet case<br \/>\n18k rose gold<br \/>\nHand polished<br \/>\nWater resistant up to 30 meters<br \/>\nWidth: 34.1 mm x Length: 44 mm x Thickness: 8.3 mm<br \/>\nSapphire crystal<br \/>\nDial Stamped guilloch\u00e9 with sun pattern<br \/>\n20 layers of translucent lacquer<br \/>\nRoman numerals<br \/>\nFunctions Hours, Minutes, Seconds, Moon phases<br \/>\nInstructions Winding shaft with 2 positions: 1.Winding. 2.Time setting Corrector at 4 o&#8217;clock for<br \/>\nmoon phases setting<br \/>\nMovement MVD FM 2038-L6<br \/>\nSelf-winding movement with bidirectional rotor system<br \/>\nPower reserve of 40 hours<br \/>\n78 components<br \/>\n18 jewels<br \/>\nDiameter: \u00d8 20.60 mm. Thickness : 3.80 mm<br \/>\nBalance wheel frequency set at 28,800 alternations per hour<br \/>\nMovement<br \/>\nDecoration<br \/>\nC\u00f4tes de Gen\u00e8ve and Pav\u00e9 of Gen\u00e8ve on the bridges<br \/>\nChamfering of all the bridges<br \/>\n24k gold bath and rhodium plating of the components<br \/>\n24k gold finish on the written engravings<br \/>\nBrushing&#8221;&#8221;soleil&#8221;&#8221;on the rotor<br \/>\nBracelet Hand sewn alligator strap<br \/>\nBuckle 18k rose gold buckle<br \/>\nHand polished<\/p>\n","protected":false},"excerpt":{"rendered":"<p>The Galet pays homage to simplicity, suggesting calm and well-being. With its gentle angles, it evokes nature as a smooth precious stone rounded by the action of water. With its black hand sewn alligator strap, the Galet showcases the elegance of the timepiece by elegantly matching the color of the numerals on the dial. Reference [&hellip;]<\/p>\n","protected":false},"featured_media":9718,"template":"","meta":[],"product_cat":[1106,1071],"product_tag":[],"acf":[],"_links":{"self":[{"href":"https:\/\/werwellness.in\/timeavenue\/wp-json\/wp\/v2\/product\/9716"}],"collection":[{"href":"https:\/\/werwellness.in\/timeavenue\/wp-json\/wp\/v2\/product"}],"about":[{"href":"https:\/\/werwellness.in\/timeavenue\/wp-json\/wp\/v2\/types\/product"}],"version-history":[{"count":1,"href":"https:\/\/werwellness.in\/timeavenue\/wp-json\/wp\/v2\/product\/9716\/revisions"}],"predecessor-version":[{"id":11956,"href":"https:\/\/werwellness.in\/timeavenue\/wp-json\/wp\/v2\/product\/9716\/revisions\/11956"}],"wp:featuredmedia":[{"embeddable":true,"href":"https:\/\/werwellness.in\/timeavenue\/wp-json\/wp\/v2\/media\/9718"}],"wp:attachment":[{"href":"https:\/\/werwellness.in\/timeavenue\/wp-json\/wp\/v2\/media?parent=9716"}],"wp:term":[{"taxonomy":"product_cat","embeddable":true,"href":"https:\/\/werwellness.in\/timeavenue\/wp-json\/wp\/v2\/product_cat?post=9716"},{"taxonomy":"product_tag","embeddable":true,"href":"https:\/\/werwellness.in\/timeavenue\/wp-json\/wp\/v2\/product_tag?post=9716"}],"curies":[{"name":"wp","href":"https:\/\/api.w.org\/{rel}","templated":true}]}}