{"id":15479,"date":"2023-11-09T11:00:15","date_gmt":"2023-11-09T11:00:15","guid":{"rendered":"https:\/\/werwellness.in\/timeavenue\/?post_type=product&#038;p=15479"},"modified":"2024-02-14T11:36:32","modified_gmt":"2024-02-14T11:36:32","slug":"tag-heuer-aquaracer-professional-300-orange-diver-wbp201f-ba0632","status":"publish","type":"product","link":"https:\/\/werwellness.in\/timeavenue\/shop\/tag-heuer-watches\/tag-heuer-aquaracer-professional-300-orange-diver-wbp201f-ba0632\/","title":{"rendered":"TAG HEUER AQUARACER PROFESSIONAL 300 ORANGE D\u2026"},"content":{"rendered":"<p><b>BRAND<br \/>\nTag Heuer<\/b><\/p>\n<p>COLLECT\u0130ON<br \/>\nAquaracer<\/p>\n<p>REFERENCE<br \/>\nWBP201F.BA0632<\/p>\n<p>CASE D\u0130AMETER<br \/>\n43mm<\/p>\n<p>CASE MATER\u0130AL<br \/>\nSteel<\/p>\n<p>MOVEMENT<br \/>\nAutomatic<\/p>\n<p>D\u0130AL<br \/>\nOrange<\/p>\n<p>WATER RES\u0130STANCE<br \/>\n300m<\/p>\n<p>STRAP<br \/>\nStainless Steel<\/p>\n<p>POWER RESERVE<br \/>\n38 Hours<\/p>\n<p>GENDER<br \/>\nMen&#8217;s<\/p>\n<p>SKU<br \/>\nWBP201FBA0632<\/p>\n","protected":false},"excerpt":{"rendered":"<p>BRAND Tag Heuer COLLECT\u0130ON Aquaracer REFERENCE WBP201F.BA0632 CASE D\u0130AMETER 43mm CASE MATER\u0130AL Steel MOVEMENT Automatic D\u0130AL Orange WATER RES\u0130STANCE 300m STRAP Stainless Steel POWER RESERVE 38 Hours GENDER Men&#8217;s SKU WBP201FBA0632<\/p>\n","protected":false},"featured_media":15709,"template":"","meta":[],"product_cat":[24,1416,1417,873],"product_tag":[],"acf":[],"_links":{"self":[{"href":"https:\/\/werwellness.in\/timeavenue\/wp-json\/wp\/v2\/product\/15479"}],"collection":[{"href":"https:\/\/werwellness.in\/timeavenue\/wp-json\/wp\/v2\/product"}],"about":[{"href":"https:\/\/werwellness.in\/timeavenue\/wp-json\/wp\/v2\/types\/product"}],"version-history":[{"count":3,"href":"https:\/\/werwellness.in\/timeavenue\/wp-json\/wp\/v2\/product\/15479\/revisions"}],"predecessor-version":[{"id":16282,"href":"https:\/\/werwellness.in\/timeavenue\/wp-json\/wp\/v2\/product\/15479\/revisions\/16282"}],"wp:featuredmedia":[{"embeddable":true,"href":"https:\/\/werwellness.in\/timeavenue\/wp-json\/wp\/v2\/media\/15709"}],"wp:attachment":[{"href":"https:\/\/werwellness.in\/timeavenue\/wp-json\/wp\/v2\/media?parent=15479"}],"wp:term":[{"taxonomy":"product_cat","embeddable":true,"href":"https:\/\/werwellness.in\/timeavenue\/wp-json\/wp\/v2\/product_cat?post=15479"},{"taxonomy":"product_tag","embeddable":true,"href":"https:\/\/werwellness.in\/timeavenue\/wp-json\/wp\/v2\/product_tag?post=15479"}],"curies":[{"name":"wp","href":"https:\/\/api.w.org\/{rel}","templated":true}]}}